{"id":614,"date":"2018-05-22T23:23:55","date_gmt":"2018-05-22T21:23:55","guid":{"rendered":"http:\/\/www.mobilis-reha.de\/?page_id=614"},"modified":"2021-04-05T21:16:29","modified_gmt":"2021-04-05T19:16:29","slug":"datenschutzerklaerung","status":"publish","type":"page","link":"https:\/\/www.mobilis-reha.de\/?page_id=614","title":{"rendered":"Datenschutzerkl\u00e4rung"},"content":{"rendered":"<p>Wir freuen uns \u00fcber Ihren Besuch auf unserer Webseite <a href=\"http:\/\/www.mobilis-reha.de\">www.mobilis-reha.de<\/a>. F\u00fcr externe Links zu fremden Inhalten \u00fcbernehmen wir trotz sorgf\u00e4ltiger inhaltlicher Kontrolle keine Haftung, da wir die \u00dcbermittlung dieser Information nicht veranlasst, den Adressaten der \u00fcbermittelten Information nicht ausgew\u00e4hlt und die \u00fcbermittelten Informationen nicht ausgew\u00e4hlt oder ver\u00e4ndert haben.<\/p>\n<p>Der Schutz Ihrer personenbezogenen Daten bei der Erhebung, Verarbeitung und Nutzung anl\u00e4sslich Ihres Besuchs auf unseren Webseiten und der Nutzung der Community ist uns ein wichtiges Anliegen. Die Erhebung, Verarbeitung und Nutzung Ihrer Daten erfolgt im Rahmen der gesetzlichen Vorschriften, \u00fcber die Sie sich z.B. unter\u00a0<a href=\"http:\/\/www.bfd.bund.de\/\">www.bfdi.bund.de<\/a>\u00a0umfassend informieren k\u00f6nnen.<\/p>\n<p>Die Kontaktdaten des Verantwortlichen finden Sie am Ende dieser Datenschutzerkl\u00e4rung unter dem Punkt \u201eKontaktaufnahme\u201c.<\/p>\n<p>Im Folgenden erl\u00e4utern wir Ihnen, welche Informationen wir w\u00e4hrend Ihres Besuchs auf unseren Webseiten erfassen und wie diese genutzt werden:<\/p>\n<ol>\n<li><strong> ERHEBUNG UND VERARBEITUNG VON PERSONENBEZOGENEN DATEN SOWIE ART UND ZWECK DER VERARBEITUNG<\/strong><\/li>\n<\/ol>\n<p><strong>Beim Besuch der Webseite<\/strong><br \/>\nBei jedem Zugriff eines Nutzers (oder sonstigen Besuchers) auf unserer Webseite und bei jedem Abruf einer Datei werden \u00fcber diesen Vorgang Daten in einer Protokolldatei gespeichert. Die Speicherung dient ausschlie\u00dflich internen systembezogenen und statistischen Zwecken.<\/p>\n<p>Wir erheben von Ihnen die folgenden Arten von personenbezogenen Daten:<\/p>\n<ul>\n<li>Daten, die\u00a0<strong>Sie<\/strong>\u00a0uns bei der Nutzung unserer Webseite\u00a0<strong>angeben<\/strong>, insbesondere:<\/li>\n<li>Daten, die Sie pers\u00f6nlich identifizieren wie Name und E-Mail-Adresse, Anschrift und Telefonnummer sowie Ihre Firma,<\/li>\n<li>die Information zu Ihrem Zahlungsmittel<\/li>\n<li>Weitere personenbezogene Daten, zu deren Erfassung und Verarbeitung wir gesetzlich verpflichtet oder berechtigt sind und die wir f\u00fcr Ihre Authentifizierung, Identifizierung oder zur \u00dcberpr\u00fcfung der von uns erhobenen Daten ben\u00f6tigen.<\/li>\n<\/ul>\n<p>Diese personenbezogenen Daten werden von uns nur erfasst und gespeichert, wenn Sie die Angaben freiwillig machen.<\/p>\n<p>Diese Daten werden zur Abwicklung des Vertragsverh\u00e4ltnisses verarbeitet. Die Verarbeitung der Daten erfolgt aufgrund von Art.\u00a06 Abs.\u00a01 lit.\u00a0b DSGVO. Die Speicherfrist ist auf den Vertragszweck und, sofern vorhanden, gesetzliche und vertragliche Aufbewahrungspflichten beschr\u00e4nkt.<\/p>\n<ul>\n<li>Daten, die wir\u00a0<strong>automatisch<\/strong>\u00a0bei der Nutzung unserer Webseite\u00a0<strong>erfassen<\/strong>:<\/li>\n<li>IP-Adresse des anfragenden Rechners,<\/li>\n<li>Name der abgerufenen Datei,<\/li>\n<li>Datum und Uhrzeit des Abrufs,<\/li>\n<li>\u00fcbertragene Datenmenge,<\/li>\n<li>Meldung \u00fcber erfolgreichen Abruf,<\/li>\n<li>anfragende Domain,<\/li>\n<li>Beschreibung des Typs des verwendeten Webbrowser und ggf. des Betriebssystems Ihres Endger\u00e4ts sowie der Name Ihres Access-Providers,<\/li>\n<li>Ihre Browser-Verlaufsdaten sowie Ihre standardm\u00e4\u00dfigen Weblog-Informationen,<\/li>\n<li>Ger\u00e4te-ID oder individuelle Ger\u00e4te-Kennung und Ger\u00e4tetyp, Ihre IP-Adresse, Beschreibung des Typs des verwendeten Webbrowsers,<\/li>\n<li>Standortdaten, einschlie\u00dflich Standortdaten von Ihrem Mobilger\u00e4t. Bitte beachten Sie, dass Sie bei den meisten Mobilger\u00e4ten die Verwendung von Standortservices im Einstellungsmen\u00fc des Mobilger\u00e4ts steuern oder deaktivieren k\u00f6nnen.<\/li>\n<\/ul>\n<p>Unser berechtigtes Interesse gem. Art.\u00a06 Abs.\u00a01 S.\u00a01 lit.\u00a0f DSGVO zur Erhebung der Daten beruht auf den folgenden Zwecken:<\/p>\n<ul>\n<li>Gew\u00e4hrleistung eines reibungslosen Verbindungsaufbaus der Webseite,<\/li>\n<li>Gew\u00e4hrleistung einer komfortablen Nutzung unserer Webseite,<\/li>\n<li>Auswertung der Systemsicherheit und -stabilit\u00e4t sowie<\/li>\n<li>zu weiteren administrativen Zwecken.<\/li>\n<\/ul>\n<p>In keinem Fall verwenden wir die erhobenen Daten zu dem Zweck, R\u00fcckschl\u00fcsse auf Ihre Person zu ziehen.<\/p>\n<p>Ferner erheben wir statistische Informationen \u00fcber das Aufrufen unserer Seite sowie Informationen zum Datenverkehr zu und von anderen Webseiten. Die Daten empfangen wir von den Ger\u00e4ten (auch Mobilger\u00e4ten), die Sie verwenden, um unsere Webseite zu nutzen, oder mit uns in anderer Weise bez\u00fcglich unserer Services in Kontakt zu treten.<\/p>\n<ol start=\"2\">\n<li><strong> NUTZUNG UND WEITERGABE PERSONENBEZOGENER DATEN<\/strong><\/li>\n<\/ol>\n<p>Eine \u00dcbermittlung Ihrer Daten an Dritte zu anderen als den im Folgenden aufgef\u00fchrten Zwecken findet nicht statt.<\/p>\n<p>Wir geben Ihre Daten nur an Dritte weiter, wenn:<\/p>\n<ul>\n<li>Sie eine ausdr\u00fcckliche Einwilligung dazu erteilt haben nach (Art.\u00a06 Abs.\u00a01 S.\u00a01 lit.\u00a0a DSGVO),<\/li>\n<li>dies f\u00fcr die Abwicklung von Vertragsverh\u00e4ltnissen mit Ihnen erforderlich ist (Art. 6 Abs. 1 lit. b DSGVO),<\/li>\n<li>eine gesetzliche Verpflichtung zur Weitergabe besteht (Art.6 Abs.1 lit.\u00a0c DSGVO),<\/li>\n<li>die Weitergabe zur Geltendmachung, Aus\u00fcbung oder Verteidigung von Rechtsanspr\u00fcchen erforderlich ist und kein Grund zur Annahme besteht, dass Sie ein \u00fcberwiegendes schutzw\u00fcrdiges Interesse an der Nichtweitergabe Ihrer Daten haben (Art.\u00a06 Abs.\u00a01 S.\u00a01 lit.\u00a0f DSGVO).<\/li>\n<\/ul>\n<p>In diesen F\u00e4llen beschr\u00e4nkt sich der Umfang der \u00fcbermittelten Daten jedoch nur auf das erforderliche Minimum.<\/p>\n<p>Unsere Datenschutzbestimmungen stehen im Einklang mit den geltenden datenschutzrechtlichen Bestimmungen und die Daten werden nur in der Bundesrepublik Deutschland verarbeitet.<\/p>\n<ol start=\"3\">\n<li><strong> RECHTE DER NUTZER<\/strong><\/li>\n<\/ol>\n<p>Auf Anfrage werden wir Sie gern informieren, ob und welche personenbezogenen Daten zu Ihrer Person gespeichert sind (Art. 15 DSGVO), insbesondere \u00fcber die Verarbeitungszwecke, die Kategorie der personenbezogenen Daten, die Kategorien von Empf\u00e4ngern, gegen\u00fcber denen Ihre Daten offengelegt wurden oder werden, die geplante Speicherdauer, das Bestehen eines Rechts auf Berichtigung, L\u00f6schung, Einschr\u00e4nkung der Verarbeitung oder Widerspruch, das Bestehen eines Beschwerderechts, die Herkunft ihrer Daten, sofern diese nicht bei uns erhoben wurden, sowie \u00fcber das Bestehen einer automatisierten Entscheidungsfindung einschlie\u00dflich Profiling.<\/p>\n<p>Ihnen steht zudem das Recht zu, etwaig unrichtig erhobene personenbezogene Daten berichtigen oder unvollst\u00e4ndig erhobene Daten vervollst\u00e4ndigen zu lassen (Art. 16 DSGVO).<\/p>\n<p>Ferner haben Sie das Recht, von uns die Einschr\u00e4nkung der Verarbeitung Ihrer Daten zu verlangen, sofern die gesetzlichen Voraussetzungen hierf\u00fcr vorliegen (Art. 18 DSGVO).<\/p>\n<p>Sie haben das Recht, die Sie betreffenden personenbezogenen Daten in einem strukturierten, g\u00e4ngigen und maschinenlesbaren Format zu erhalten oder die \u00dcbermittlung an einen anderen Verantwortlichen zu verlangen (Art. 20 DSGVO).<\/p>\n<p>Dar\u00fcber hinaus steht Ihnen das sogenannte \u201eRecht auf Vergessenwerden\u201c zu, d.h. Sie k\u00f6nnen von uns die L\u00f6schung Ihrer personenbezogenen Daten verlangen, sofern hierf\u00fcr die gesetzlichen Voraussetzungen vorliegen (Art. 17 DSGVO).<\/p>\n<p>Unabh\u00e4ngig davon werden Ihre personenbezogenen Daten automatisch von uns gel\u00f6scht, wenn der Zweck der Datenerhebung weggefallen oder die Datenverarbeitung unrechtm\u00e4\u00dfig erfolgt ist.<\/p>\n<p>Gem\u00e4\u00df Art. 7 Abs. 3 DSGVO haben Sie das Recht Ihre einmal erteilte Einwilligung jederzeit gegen\u00fcber uns zu widerrufen. Dies hat zur Folge, dass wir die Datenverarbeitung, die auf dieser Einwilligung beruhte, f\u00fcr die Zukunft nicht mehr fortf\u00fchren d\u00fcrfen.<\/p>\n<p>Sie haben zudem das Recht, jederzeit gegen die Verarbeitung Ihrer personenbezogenen Daten Widerspruch zu erheben, sofern ein Widerspruchsrecht gesetzlich vorgesehen ist. Im Falle eines wirksamen Widerrufs werden Ihre personenbezogenen Daten ebenfalls automatisch durch uns gel\u00f6scht (Art. 21 DSGVO).<\/p>\n<p>M\u00f6chten Sie von Ihrem Widerrufs- oder Widerspruchsrecht Gebrauch machen, gen\u00fcgt eine E-Mail an:\u00a0<a href=\"mailto:mail@mobilis-reha.de\">mail@mobilis-reha.de<\/a>.<\/p>\n<p>Bei Verst\u00f6\u00dfen gegen die datenschutzrechtlichen Vorschriften haben Sie gem. Art. 77 DSGVO die M\u00f6glichkeit, Beschwerde bei der zust\u00e4ndigen Aufsichtsbeh\u00f6rde zu erheben. Zust\u00e4ndige Aufsichtsbeh\u00f6rde ist sowohl der Datenschutzbeauftragte Ihres Bundeslandes, als auch jede andere Aufsichtsbeh\u00f6rde. Eine Liste der Aufsichtsbeh\u00f6rden finden Sie unter <a href=\"https:\/\/www.bfdi.bund.de\/DE\/Infothek\/Anschriften_Links\/anschriften_links-node.html\">https:\/\/www.bfdi.bund.de\/DE\/Infothek\/Anschriften_Links\/anschriften_links-node.html<\/a><\/p>\n<ol start=\"4\">\n<li><strong> DAUER DER DATENSPEICHERUNG<\/strong><\/li>\n<\/ol>\n<p>Die erhobenen Daten werden solange bei uns gespeichert, wie dies f\u00fcr die Durchf\u00fchrung der mit uns eingegangenen Vertr\u00e4ge erforderlich ist oder Sie Ihr Recht auf L\u00f6schung oder Ihr Recht auf Daten\u00fcbertragung auf ein anderes Unternehmen nicht ausge\u00fcbt haben.<\/p>\n<ol start=\"5\">\n<li><strong> ERZEUGUNG VON COOKIES<\/strong><\/li>\n<\/ol>\n<p>Wir setzen auf unserer Seite Cookies ein. Hierbei handelt es sich um kleine Dateien, die Ihr Browser automatisch erstellt und die auf Ihrem Endger\u00e4t (Laptop, Tablet, Smartphone o.\u00e4.) gespeichert werden, wenn Sie unsere Seite besuchen.<\/p>\n<p>In dem Cookie werden Informationen abgelegt, die sich jeweils im Zusammenhang mit dem spezifisch eingesetzten Endger\u00e4t ergeben. Dies bedeutet jedoch nicht, dass wir unmittelbar Kenntnis von Ihrer Identit\u00e4t erhalten.<\/p>\n<p>Der Einsatz von Cookies dient einerseits dazu, die Nutzung unseres Angebots f\u00fcr Sie angenehmer zu gestalten. So setzen wir sog. Session-Cookies ein, um zu erkennen, dass Sie einzelnen Seiten unserer Webseite bereits besucht haben. Diese werden nach Verlassen der Seite automatisch gel\u00f6scht. Dar\u00fcber hinaus setzen wir ebenfalls zur Optimierung der Benutzerfreundlichkeit tempor\u00e4re Cookies ein, die f\u00fcr einen bestimmten festgelegten Zeitraum auf Ihrem Endger\u00e4t gespeichert werden. Besuchen Sie unsere Seite erneut, um unsere Dienste in Anspruch zu nehmen, wird automatisch erkannt, dass Sie bereits bei uns waren und welche Eingaben und Einstellungen Sie get\u00e4tigt haben, um diese nicht noch einmal eingeben zu m\u00fcssen.<\/p>\n<p>Zum anderen setzen wir Cookies ein, um die Nutzung unserer Webseite statistisch zu erfassen und zum Zwecke der Optimierung unseres Angebotes f\u00fcr Sie auszuwerten. Diese Cookies erm\u00f6glichen es uns, bei einem erneuten Besuch unserer Seite automatisch zu erkennen, dass Sie bereits bei uns waren. Diese Cookies werden nach einer jeweils definierten Zeit automatisch gel\u00f6scht.<\/p>\n<p>Die durch Cookies verarbeiteten Daten sind f\u00fcr die genannten Zwecke zur Wahrung unserer berechtigten Interessen sowie der Dritter nach Art. 6 Abs. 1 S. 1 lit. f DSGVO erforderlich. Die meisten Browser akzeptieren Cookies automatisch. Wenn Sie es nicht w\u00fcnschen, dass wir Informationen \u00fcber Ihren Computer wiedererkennen, stellen Sie Ihren Internetbrowser bitte so ein, dass er Cookies von Ihrer Computerfestplatte l\u00f6scht, alle Cookies blockiert oder Sie warnt, bevor ein Cookie gespeichert wird. Die vollst\u00e4ndige Deaktivierung von Cookies kann jedoch dazu f\u00fchren, dass Sie nicht alle Funktionen unserer Webseite nutzen k\u00f6nnen.<\/p>\n<p>Wenn Sie \u00fcber einen Link oder das Anklicken eventueller Bannerwerbung unsere Seite verlassen und so auf fremde Seiten gelangen, kann es sein, dass auch von Adressaten der angeklickten Zielseite Cookies gesetzt werden. F\u00fcr diese Cookies sind wir rechtlich nicht verantwortlich. Zu der Benutzung solcher Cookies und der darauf gespeicherten Informationen durch unsere Werbepartner vergleichen Sie bitte deren Datenschutzerkl\u00e4rungen.<\/p>\n<ol start=\"6\">\n<li><strong> GOOGLE<\/strong><\/li>\n<\/ol>\n<p>Diese Webseite benutzt Google Analytics, einen Webanalysedienst der Google Inc., 1600 Amphitheatre Parkway, Mountain View, CA 94043, USA (\u201eGoogle\u201c). Google Analytics verwendet sog. \u201eCookies\u201c, Textdateien, die auf Ihrem Computer gespeichert werden und die eine Analyse der Benutzung der Webseite durch Sie erm\u00f6glichen. Die durch den Cookie erzeugten Informationen \u00fcber Ihre Benutzung dieser Webseite werden in der Regel an einen Server von Google in den USA \u00fcbertragen und dort gespeichert. Im Falle der Aktivierung der IP Anonymisierung auf dieser Webseite, wird Ihre IP-Adresse von Google jedoch innerhalb von Mitgliedstaaten der Europ\u00e4ischen Union oder in anderen Vertragsstaaten des Abkommens \u00fcber den Europ\u00e4ischen Wirtschaftsraum zuvor gek\u00fcrzt. Nur in Ausnahmef\u00e4llen wird die volle IP-Adresse an einen Server von Google in den USA \u00fcbertragen und dort gek\u00fcrzt. Im Auftrag des Betreibers dieser Webseite wird Google diese Informationen benutzen, um Ihre Nutzung der Webseite auszuwerten, um Reports \u00fcber die Webseitenaktivit\u00e4ten zusammenzustellen und um weitere mit der Webseitennutzung und der Internetnutzung verbundene Dienstleistungen gegen\u00fcber dem Webseitenbetreiber zu erbringen. Die im Rahmen von Google Analytics von Ihrem Browser \u00fcbermittelte IP-Adresse wird nicht mit anderen Daten von Google zusammengef\u00fchrt. Sie k\u00f6nnen die Speicherung der Cookies durch eine entsprechende Einstellung Ihrer Browser-Software verhindern; wir weisen Sie jedoch darauf hin, dass Sie in diesem Fall gegebenenfalls nicht s\u00e4mtliche Funktionen dieser Webseite vollumf\u00e4nglich werden nutzen k\u00f6nnen.<\/p>\n<p>Sie k\u00f6nnen dar\u00fcber hinaus die Erfassung der durch das Cookie erzeugten und auf Ihre Nutzung der Webseite bezogenen Daten (inkl. Ihrer IP-Adresse) an Google sowie die Verarbeitung dieser Daten durch Google verhindern, indem sie das unter dem folgenden Link verf\u00fcgbare Browser-Plugin herunterladen und installieren:\u00a0<a href=\"http:\/\/tools.google.com\/dlpage\/gaoptout?hl=de\">http:\/\/tools.google.com\/dlpage\/gaoptout?hl=de<\/a>.<\/p>\n<p>Sie k\u00f6nnen die Erfassung durch Google Analytics verhindern, indem Sie auf folgenden Link klicken. Es wird ein Opt-Out-Cookie gesetzt, der die zuk\u00fcnftige Erfassung Ihrer Daten beim Besuch dieser Webseite verhindert: Google Analytics deaktivieren<\/p>\n<p>N\u00e4here Informationen zu Nutzungsbedingungen und Datenschutz von Google Analytics finden Sie unter\u00a0<a href=\"http:\/\/www.google.com\/analytics\/terms\/de.html\">http:\/\/www.google.com\/analytics\/terms\/de.html<\/a>\u00a0bzw. unter\u00a0<a href=\"http:\/\/www.google.com\/intl\/de\/analytics\/privacyoverview.html\">http:\/\/www.google.com\/intl\/de\/analytics\/privacyoverview.html<\/a>. Wir weisen Sie darauf hin, dass wir Google Analytics mit der Erweiterung gat._anonymizeIp()\u201c verwenden, um eine anonymisierte Erfassung von IP-Adressen zu gew\u00e4hrleisten.<\/p>\n<ol start=\"7\">\n<li><strong> GOOGLE MAPS<\/strong><\/li>\n<\/ol>\n<p>Diese Webseite nutzt Google Maps zur Darstellung interaktiver Karten und zur Erstellung von Anfahrtsbeschreibungen. Google Maps ist ein Kartendienst von Google Inc., 1600 Amphitheatre Parkway, Mountain View, California 94043, USA. Durch die Nutzung von Google Maps k\u00f6nnen Informationen \u00fcber die Benutzung dieser Website einschlie\u00dflich Ihrer IP-Adresse und der im Rahmen der Routenplanerfunktion eingegebenen (Start-) Adresse an Google in den USA \u00fcbertragen werden. Wenn Sie eine Webseite unseres Internetauftritts aufrufen, die Google Maps enth\u00e4lt, baut Ihr Browser eine direkte Verbindung mit den Servern von Google auf. Der Karteninhalt wird von Google direkt an Ihren Browser \u00fcbermittelt und von diesem in die Webseite eingebunden. Daher haben wir keinen Einfluss auf den Umfang der auf diese Weise von Google erhobenen Daten. Entsprechend unserem Kenntnisstand sind dies zumindest folgende Daten:<\/p>\n<p>Datum und Uhrzeit des Besuchs auf der betreffenden Webseite,<\/p>\n<ul>\n<li>Internetadresse oder URL der aufgerufenen Webseite,<\/li>\n<li>IP-Adresse, im Rahmen der Routenplanung eingegebene (Start-)Anschrift.Auf die weitere Verarbeitung und Nutzung der Daten durch Google haben wir keinen Einfluss und k\u00f6nnen daher hierf\u00fcr keine Verantwortung \u00fcbernehmen.<br \/>\nWenn Sie nicht m\u00f6chten, dass Google \u00fcber unseren Internetauftritt Daten \u00fcber Sie erhebt, verarbeitet oder nutzt, k\u00f6nnen Sie in Ihrem Browsereinstellungen JavaScript deaktivieren. In diesem Fall k\u00f6nnen Sie die Kartenanzeige jedoch nicht nutzen.<br \/>\nZweck und Umfang der Datenerhebung und die weitere Verarbeitung und Nutzung der Daten durch Google sowie Ihre diesbez\u00fcglichen Rechte und Einstellungsm\u00f6glichkeiten zum Schutz Ihrer Privatsph\u00e4re entnehmen Sie bitte den Datenschutzhinweisen von Google (<a href=\"https:\/\/policies.google.com\/privacy?hl=de\">https:\/\/policies.google.com\/privacy?hl=de<\/a>).<br \/>\nDurch die Nutzung unserer Webseite erkl\u00e4ren Sie sich mit der Bearbeitung der \u00fcber Sie erhobenen Daten durch Google Maps Routenplaner in der zuvor beschriebenen Art und Weise und zu dem zuvor benannten Zweck einverstanden.<\/li>\n<\/ul>\n<ol start=\"8\">\n<li><strong> SICHERHEITSHINWEIS<\/strong><\/li>\n<\/ol>\n<p>Wir sind um alle notwendigen technischen und organisatorischen Sicherheitsma\u00dfnahmen bem\u00fcht, um Ihre personenbezogenen Daten so zu speichern, dass sie weder Dritten noch der \u00d6ffentlichkeit zug\u00e4nglich sind. Sollten Sie mit uns per Email in Kontakt treten wollen, so weisen wir Sie darauf hin, dass bei diesem Kommunikationsweg die Vertraulichkeit der \u00fcbermittelten Informationen nicht vollst\u00e4ndig gew\u00e4hrleistet werden kann. Wir empfehlen Ihnen daher, uns vertrauliche Informationen ausschlie\u00dflich \u00fcber den Postweg zukommen zu lassen.<\/p>\n<ol start=\"9\">\n<li><strong> ANPASSUNG DER DATENSCHUTZERKL\u00c4RUNG<\/strong><\/li>\n<\/ol>\n<p>Bitte beachten Sie, dass wir bei Bedarf Anpassungen an dieser Information nach Art. 13\/14 DSGVO zur Datenverarbeitung vornehmen k\u00f6nnen bzw. m\u00fcssen. Die jeweils aktuelle Version dieser Information nach Art. 13\/14 DSGVO finden Sie jederzeit an dieser Stelle unserer Homepage.<\/p>\n<ol start=\"10\">\n<li><strong> KONTAKTAUFNAHME<\/strong><\/li>\n<\/ol>\n<p>Schreiben Sie, wenn Sie sonst noch Fragen hinsichtlich der Verarbeitung Ihrer pers\u00f6nlichen Daten haben, an folgende Adresse:<\/p>\n<p>Mobilis Reha &amp; Service GmbH, Ulrichstra\u00dfe 97, 72116 M\u00f6ssingen,<br \/>\nvertreten durch den Gesch\u00e4ftsf\u00fchrer Stefan Wurster<\/p>\n<p>Email: <a href=\"mailto:mail@mobilis-reha.de\">mail@mobilis-reha.de<\/a><br \/>\nFax: 07473 \/ 95 32 697<\/p>\n<p><strong>Kontaktdaten unseres Datenschutzbeauftragten: <\/strong><\/p>\n<p>Diplom-\u00d6konom Peter Hoffmann<br \/>\nIm Schierlingsgarten 16<br \/>\n67366 Weingarten (Pfalz)<\/p>\n<p><a href=\"mailto:info@sv-hoffmann.de\">Peter.Hoffmann@DSB-Hoffmann.de<\/a><br \/>\nTel.: +49 (0)6344 9432935<\/p>\n","protected":false},"excerpt":{"rendered":"<p>Wir freuen uns \u00fcber Ihren Besuch auf unserer Webseite www.mobilis-reha.de. F\u00fcr externe Links zu fremden Inhalten \u00fcbernehmen wir trotz sorgf\u00e4ltiger inhaltlicher Kontrolle keine Haftung, da wir die \u00dcbermittlung dieser Information nicht veranlasst, den Adressaten der \u00fcbermittelten Information nicht ausgew\u00e4hlt und die \u00fcbermittelten Informationen nicht ausgew\u00e4hlt oder ver\u00e4ndert haben. Der Schutz Ihrer personenbezogenen Daten bei der [&hellip;]<\/p>\n","protected":false},"author":1,"featured_media":0,"parent":0,"menu_order":0,"comment_status":"open","ping_status":"open","template":"","meta":{"footnotes":""},"class_list":["post-614","page","type-page","status-publish","hentry"],"_links":{"self":[{"href":"https:\/\/www.mobilis-reha.de\/index.php?rest_route=\/wp\/v2\/pages\/614","targetHints":{"allow":["GET"]}}],"collection":[{"href":"https:\/\/www.mobilis-reha.de\/index.php?rest_route=\/wp\/v2\/pages"}],"about":[{"href":"https:\/\/www.mobilis-reha.de\/index.php?rest_route=\/wp\/v2\/types\/page"}],"author":[{"embeddable":true,"href":"https:\/\/www.mobilis-reha.de\/index.php?rest_route=\/wp\/v2\/users\/1"}],"replies":[{"embeddable":true,"href":"https:\/\/www.mobilis-reha.de\/index.php?rest_route=%2Fwp%2Fv2%2Fcomments&post=614"}],"version-history":[{"count":5,"href":"https:\/\/www.mobilis-reha.de\/index.php?rest_route=\/wp\/v2\/pages\/614\/revisions"}],"predecessor-version":[{"id":632,"href":"https:\/\/www.mobilis-reha.de\/index.php?rest_route=\/wp\/v2\/pages\/614\/revisions\/632"}],"wp:attachment":[{"href":"https:\/\/www.mobilis-reha.de\/index.php?rest_route=%2Fwp%2Fv2%2Fmedia&parent=614"}],"curies":[{"name":"wp","href":"https:\/\/api.w.org\/{rel}","templated":true}]}}