{"id":254,"date":"2014-03-11T10:41:42","date_gmt":"2014-03-11T10:41:42","guid":{"rendered":"http:\/\/liva.arenaofthemes.com\/?page_id=254"},"modified":"2019-08-13T15:33:00","modified_gmt":"2019-08-13T13:33:00","slug":"test-one-page","status":"publish","type":"page","link":"https:\/\/www.mobilis-reha.de\/","title":{"rendered":"One Page"},"content":{"rendered":"<div id=\"about\" class=\"section\"><\/div>\n<div class=\"clear\" style=\"height: -20px\"><\/div>\n\n\t\t<div class=\"sc-highlight-full-width \" data-animation=\"\" style=\"background-color: rgba(0,116,193, 1); background-attachment: scroll; background-position: left top; background-size: 100% 100%; margin-top: -50px;\">\n\t\t\t\n\t\t\t<div class=\"sc-highlight\">\n<div class=\"clear\" style=\"height: 50px\"><\/div>\n<h1 style=\"text-align: center;\"><span style=\"color: #ffffff;\">Gemeinsam f\u00fcr ein <strong>Leben in Bewegung!<\/strong><\/span><\/h1>\n<h3 style=\"text-align: center;\"><span style=\"color: #ffffff;\">Bei uns sind Sie in guten H\u00e4nden <\/span><\/h3>\n<p>&nbsp;<\/p>\n<div class=\"one_third\">\n<\/div>\n<div class=\"one_third\">\n<h4 style=\"text-align: center;\"><span style=\"color: #ffffff;\">\u00dcber uns <strong>Mobilis<\/strong><\/span><\/h4>\n<h6 style=\"text-align: justify;\"><span style=\"color: #ffffff;\">Mobilis besteht seit 2011 und ist ein Tochterunternehmen der Sanit\u00e4tshaus Wurster GmbH in Freudenstadt und der AIS Arbeit in Selbsthilfe GmbH in M\u00f6ssingen. Wir sind ein nach DIN EN ISO 13485-Norm zertifiziertes Unternehmen und nach \u00a7 126 Abs.1, Satz 2 SGB V als Leistungserbringer f\u00fcr die Versorgung von Hilfsmitteln pr\u00e4qualifiziert. Spezialisiert haben wir uns auf die moderne Versorgung mit individuellen Reha-Hilfsmitteln und bieten ein breites Produktportfolio. Dar\u00fcber hinaus betreuen wir K\u00f6rperbehinderteneinrichtungen und KB-Schulen.<\/span><\/h6>\n<\/div>\n<div class=\"one_third last\">\n<\/div><div class=\"clearfix\"><\/div>\n<div class=\"clear\"><\/div><\/div>\n\t\t<\/div>\n<div class=\"clear\" style=\"height: -20px\"><\/div>\n\n\t\t<div class=\"sc-highlight-full-width \" data-animation=\"\" style=\"background-image: url(http:\/\/www.mobilis-reha.de\/wp-content\/uploads\/2014\/06\/team1.jpg); background-attachment: scroll; min-height: 550px; background-position: center center; padding-top: 80px; padding-bottom: 30px;\">\n\t\t\t\n\t\t\t<div class=\"sc-highlight\"><p>\n<\/p><div class=\"clear\"><\/div><\/div>\n\t\t<\/div>\n<div id=\"ourservices\" class=\"section\"><\/div>\n<div class=\"clear\" style=\"height: 70px\"><\/div>\n\n\t\t<div class=\"sc-highlight-full-width \" data-animation=\"\" style=\"background-color: rgba(253,152,0, 1); background-attachment: scroll; background-position: left top; background-size: 100% 100%; margin-top: -50px;\">\n\t\t\t\n\t\t\t<div class=\"sc-highlight\"><p>\n<div class=\"clear\" style=\"height: -20px\"><\/div>\n<div class=\"one_third\">\n<\/div>\n<div class=\"one_third\">\n<h4 style=\"text-align: center;\"><span style=\"color: #ffffff;\">F\u00fcr was wir <strong>stehen<\/strong><\/span><\/h4>\n<h6 style=\"text-align: justify;\"><span style=\"color: #ffffff;\">Wir sind spezialisiert auf individuelle Versorgungen mit komplexen Anforderungen. Besonders wichtig ist uns dabei der pers\u00f6nliche Kontakt zu unseren Kunden. Individuelle Beratung und Betreuung weit \u00fcber die Abgabe hinaus sind f\u00fcr uns selbstverst\u00e4ndlich. Dabei ist uns der Service vor Ort besonders wichtig. F\u00fcr die W\u00fcnsche und Probleme unserer Kunden haben wir stets ein offenes Ohr und versuchen f\u00fcr alle Lebensbereiche spezielle L\u00f6sungen anzubieten. Dabei arbeiten wir eng mit Therapeuten und Verordnern zusammen, denn nur Hand in Hand ist eine wirklich optimale Versorgung m\u00f6glich. Die Mobilit\u00e4t und Selbst\u00e4ndigkeit unserer Kunden ist unsere oberste Priorit\u00e4t. Um das zu gew\u00e4hrleisten und stets auf dem neuesten Wissensstand zu sein, besuchen wir regelm\u00e4\u00dfig Fort- und Weiterbildungen. Ein schneller Reparatur-Service ist f\u00fcr uns selbstverst\u00e4ndlich.<\/span><\/h6>\n<\/div>\n<div class=\"one_third last\">\n<\/div><div class=\"clearfix\"><\/div>\n<\/p><div class=\"clear\"><\/div><\/div>\n\t\t<\/div>\n\n\t\t<div class=\"sc-highlight-full-width \" data-animation=\"\" style=\"background-image: url(http:\/\/www.mobilis-reha.de\/wp-content\/uploads\/2014\/06\/besprechungszimmer.jpg); background-attachment: scroll; min-height: 600px; background-position: center center;\">\n\t\t\t\n\t\t\t<div class=\"sc-highlight\"><p>\n<\/p><div class=\"clear\"><\/div><\/div>\n\t\t<\/div>\n\n\t\t<div class=\"sc-highlight-full-width \" data-animation=\"\" style=\"background-color: rgba(255,255,255, 1); background-attachment: scroll; background-position: left top; background-size: 100% 100%; padding-bottom: 20px; margin-top: -50px; margin-bottom: 60px;\">\n\t\t\t\n\t\t\t<div class=\"sc-highlight\">\n<div class=\"clear\" style=\"height: 50px\"><\/div>\n<div class=\"one_third\">\n<\/div>\n<div class=\"one_third\">\n<h4 style=\"text-align: center;\"><span style=\"color: #7c7c7b;\">Unsere wichtigsten <strong>Produkte<\/strong><\/span><\/h4>\n<ul>\n<li>+ Elektrorollst\u00fchle (auch mit Sondersteuerungen und \u00a0\u00a0\u00a0\u00a0Kommunikationshilfen)<\/li>\n<li>+ Aktivrollst\u00fchle (auch mit individuellen Sitzeinheiten)<\/li>\n<li>+ Gehhilfen<\/li>\n<li>+ Stehtrainer<\/li>\n<li>+ Lagerungshilfsmittel<\/li>\n<li>+ Therapiefahrr\u00e4der<\/li>\n<\/ul>\n<p>&nbsp;<\/p>\n<\/div>\n<div class=\"one_third last\">\n<\/div><div class=\"clearfix\"><\/div>\n<div class=\"clear\"><\/div><\/div>\n\t\t<\/div>\n\n\t\t<div class=\"sc-highlight-full-width \" data-animation=\"\" style=\"background-image: url(http:\/\/gsrthemes.com\/liva\/layout4\/fullwidth\/images\/para-bg1.jpg); background-attachment: scroll; min-height: 290px; background-position: center center; padding-top: 80px; padding-bottom: 30px;\">\n\t\t\t\n\t\t\t<div class=\"sc-highlight\"><p>\n\n\t  <div class=\"call-to-action2 \" data-animation=\"\">\n\t\t\t<h2>Sie haben Fragen?<\/h2>\n\t\t\t<h3> <\/h3>\n\t\t\t<div class=\"clearfix mar_top3\"><\/div>\n\t\t\t<a href=\"mailto:mail@mobilis-reha.de\" target=\"_blank\" class=\"but_transp\">EMAIL SENDEN<\/a>\n\t\t<\/div>\n\t  <div class=\"clear\"><\/div>\n<\/p><div class=\"clear\"><\/div><\/div>\n\t\t<\/div>\n<div class=\"clear\" style=\"height: 25px\"><\/div>\n<div id=\"contact\" class=\"section\"><\/div>\n<div class=\"clear\" style=\"height: 70px\"><\/div>\n<div class=\"one_half\">\n<h1  data-animation=\"\">Sie haben Fragen?<\/h1>\n<h5  data-animation=\"\">So finden Sie zu uns:<\/h5>\n\n\t\t <div class=\"contact_info \" data-animation=\"\">\n\t\t\t<ul class=\"address with-map\">\n\t\t\t\t<li><i class=\"icon-map-marker icon-large\"><\/i> Mobilis Reha &amp; Service GmbH, Ulrichstra\u00dfe 97, 72116 M\u00f6ssingen<\/li>\n\t\t\t\t<li class=\"last\"><i class=\"icon-envelope\"><\/i> <a href=\"mailto:mail@mobilis-reha.de\">mail@mobilis-reha.de<\/a><\/li>\n\t\t\t\t<li><i class=\"icon-phone\"><\/i> 07473 \/ 95 32 696<\/li>\n\t\t\t\t<li class=\"last\"><i class=\"icon-print\"><\/i> 07473 \/ 95 32 697<\/li>\n\t\t\t<\/ul>\n\t\t\t<div class=\"map\"><div id=\"map-ci\"><\/div><\/div>\n\t\t\t\n\t\t<\/div>\n\t\t<div class=\"clear\"><\/div>\n\t\t\t<script type=\"text\/javascript\"> \n\t\t\t\tvar geocoder = new google.maps.Geocoder();\n\n\t\t\t\tvar address = \"Ulrichstra\u00dfe 97, 72116 M\u00f6ssingen\";\n\n\t\t\t\tvar mapOptions = { \n\t\t\t\t\tmapTypeId: google.maps.MapTypeId.ROADMAP,\n\t\t\t\t\tcenter: new google.maps.LatLng(54.00, -3.00),\n\t\t\t\t\tzoom: 14\n\t\t\t\t};\n\n\t\t\t\tvar map = new google.maps.Map(document.getElementById(\"map-ci\"), mapOptions);\n\n\t\t\t\tgeocoder.geocode({\"address\": address}, function(results, status) {\n\t\t\t\t\tif(status == google.maps.GeocoderStatus.OK) \n\t\t\t\t\t{\n\t\t\t\t\t\tresult = results[0].geometry.location;\n\t\t\t\t\t\tmap.setCenter(result);\n\t\t\t\t\t\t \n\t\t\t\t\t\tjQuery(document).ready( function($) {\n\t\t\t\t\t\t\t$(\".map\").append(\"<a target='_blank' href='http:\/\/maps.google.com\/?ie=UTF8&hq=&q=\" + result.k + \",\" + result.A + \"&z=16'>View Larger Map<\/a>\");\n\t\t\t\t\t\t});\n\t\t\t\t\t\t\n\t\t\t\t\t\tvar marker = new google.maps.Marker({\n\t\t\t\t\t\t\tposition: result,\n\t\t\t\t\t\t\tmap: map,\n\t\t\t\t\t\t\ttitle: \"Ulrichstra\u00dfe 97, 72116 M\u00f6ssingen\"\n\t\t\t\t\t\t});\n\t\t\t\t\t}\n\t\t\t\t});\n\t\t\t <\/script>\n<\/div>\n<div class=\"one_half last\">\n<\/div><div class=\"clearfix\"><\/div>\n","protected":false},"excerpt":{"rendered":"","protected":false},"author":1,"featured_media":0,"parent":0,"menu_order":0,"comment_status":"open","ping_status":"open","template":"","meta":{"footnotes":""},"class_list":["post-254","page","type-page","status-publish","hentry"],"_links":{"self":[{"href":"https:\/\/www.mobilis-reha.de\/index.php?rest_route=\/wp\/v2\/pages\/254","targetHints":{"allow":["GET"]}}],"collection":[{"href":"https:\/\/www.mobilis-reha.de\/index.php?rest_route=\/wp\/v2\/pages"}],"about":[{"href":"https:\/\/www.mobilis-reha.de\/index.php?rest_route=\/wp\/v2\/types\/page"}],"author":[{"embeddable":true,"href":"https:\/\/www.mobilis-reha.de\/index.php?rest_route=\/wp\/v2\/users\/1"}],"replies":[{"embeddable":true,"href":"https:\/\/www.mobilis-reha.de\/index.php?rest_route=%2Fwp%2Fv2%2Fcomments&post=254"}],"version-history":[{"count":128,"href":"https:\/\/www.mobilis-reha.de\/index.php?rest_route=\/wp\/v2\/pages\/254\/revisions"}],"predecessor-version":[{"id":628,"href":"https:\/\/www.mobilis-reha.de\/index.php?rest_route=\/wp\/v2\/pages\/254\/revisions\/628"}],"wp:attachment":[{"href":"https:\/\/www.mobilis-reha.de\/index.php?rest_route=%2Fwp%2Fv2%2Fmedia&parent=254"}],"curies":[{"name":"wp","href":"https:\/\/api.w.org\/{rel}","templated":true}]}}